{"id":8696,"date":"2021-09-09T14:09:31","date_gmt":"2021-09-09T14:09:31","guid":{"rendered":"https:\/\/marinacascais.com\/\/media\/"},"modified":"2022-12-19T15:11:21","modified_gmt":"2022-12-19T15:11:21","slug":"media","status":"publish","type":"page","link":"https:\/\/dev4.miaudigitalagency.com\/en\/media\/","title":{"rendered":"Media"},"content":{"rendered":"<p>[vc_row css_animation=&#8221;kd-animated fadeIn&#8221; st_title=&#8221;Eventos e Patroc\u00ednios&#8221; st_title_tag=&#8221;&#8221; st_subtitle=&#8221;&#8221; st_subtitle_tag=&#8221;&#8221; st_subtitle_decoration=&#8221;&#8221; st_title_color=&#8221;#211261&#8243; st_subtitle_color=&#8221;#211261&#8243; st_title_size=&#8221;32px&#8221; st_title_line_height=&#8221;&#8221; st_subtitle_size=&#8221;&#8221; st_separator_enable=&#8221;separator_off&#8221; st_separator_position=&#8221;above_title&#8221; st_separator_color=&#8221;&#8221; st_separator_style=&#8221;solid-line&#8221; st_separator_width=&#8221;sep-border-width-1&#8243; st_separator_length=&#8221;&#8221; st_text_align=&#8221;text-center&#8221; st_width=&#8221;st_6_columns&#8221; css_animation_delay=&#8221;200&#8243; st_extra_class=&#8221;&#8221; css=&#8221;.vc_custom_1626443939602{padding-top: 225px !important;}&#8221;][vc_column]<header class=\"kd-section-title vc_col-lg-6 vc_col-sm-8 text-left  kd-animated fadeIn   vc_custom_1631195602037\" data-animation-delay=200><h2 class=\"separator_off\" style=\"color: #211261;font-size: 32px;\">Media<\/h2><\/header>[\/vc_column][\/vc_row][vc_row full_width=&#8221;stretch_row&#8221;][vc_column css=&#8221;.vc_custom_1516008777154{padding-right: 0px !important;padding-left: 0px !important;}&#8221;][vc_row_inner gap=&#8221;35&#8243; css=&#8221;.vc_custom_1631196021780{padding-top: 32px !important;}&#8221;][vc_column_inner width=&#8221;1\/3&#8243; css=&#8221;.vc_custom_1516008786386{padding-right: 0px !important;padding-left: 0px !important;}&#8221;][vc_single_image image=&#8221;9231&#8243; img_size=&#8221;full&#8221;][vc_empty_space height=&#8221;20px&#8221;]<header class=\"kd-section-title col-lg-12 text-left  kd-animated fadeIn   vc_custom_1671462599325\" data-animation-delay=200><h2 class=\"separator_off\" style=\"color: #49bab3;font-size: 21px;line-height: 26px;\">The Fancy X abre na Marina de Cascais com artigos de luxo em segunda m\u00e3o<\/h2><\/header>[vc_column_text]<\/p>\n<p class=\"p1\" style=\"text-align: justify;\">A nova loja The Fancy X que vende artigos de luxo em segunda m\u00e3o abriu em plena Marina de Cascais.<\/p>\n<p>[\/vc_column_text][vc_empty_space height=&#8221;20px&#8221;]<a  href=\"https:\/\/pt.fashionnetwork.com\/news\/The-fancy-x-abre-na-marina-de-cascais-com-artigos-de-luxo-em-segunda-mao,1468964.html\"  target=\"_blank\"  title=\"\" class=\"tt_button tt_primary_button btn_primary_color  pull-left button-action-link\" ><span class=\"prim_text\">Read more<\/span><\/a>[vc_empty_space][\/vc_column_inner][vc_column_inner width=&#8221;1\/3&#8243; css=&#8221;.vc_custom_1516008795521{padding-right: 0px !important;padding-left: 0px !important;}&#8221;][vc_single_image image=&#8221;8543&#8243; img_size=&#8221;full&#8221;][vc_empty_space height=&#8221;20px&#8221;]<header class=\"kd-section-title col-lg-12 text-left  kd-animated fadeIn   vc_custom_1631196133662\" data-animation-delay=200><h2 class=\"separator_off\" style=\"color: #49bab3;font-size: 21px;line-height: 26px;\">Osklen volta a Portugal e aterra na marina de Cascais com um espa\u00e7o super moderno<\/h2><\/header>[vc_column_text]<\/p>\n<p class=\"p1\" style=\"text-align: justify;\">A marca de moda sustent\u00e1vel brasileira regressa a territ\u00f3rio portugu\u00eas e apresenta uma nova cole\u00e7\u00e3o para a pr\u00f3xima esta\u00e7\u00e3o.<\/p>\n<p>[\/vc_column_text][vc_empty_space height=&#8221;20px&#8221;]<a  href=\"https:\/\/www.nit.pt\/compras\/lojas-e-marcas\/osklen-volta-a-portugal-e-aterra-na-marina-de-cascais-com-um-espaco-super-moderno\"  target=\"_blank\"  title=\"\" class=\"tt_button tt_primary_button btn_primary_color  pull-left button-action-link\" ><span class=\"prim_text\">Read more<\/span><\/a>[vc_empty_space][\/vc_column_inner][vc_column_inner width=&#8221;1\/3&#8243; css=&#8221;.vc_custom_1516008801594{padding-right: 0px !important;padding-left: 0px !important;}&#8221;][vc_single_image image=&#8221;8550&#8243; img_size=&#8221;378\u00d7198&#8243;][vc_empty_space height=&#8221;20px&#8221;]<header class=\"kd-section-title col-lg-12 text-left  kd-animated fadeIn   vc_custom_1631196122502\" data-animation-delay=200><h2 class=\"separator_off\" style=\"color: #49bab3;font-size: 21px;line-height: 26px;\">Mega iate \u00e0 venda por 169 milh\u00f5es em Cascais<\/h2><\/header>[vc_column_text]<\/p>\n<p class=\"p1\" style=\"text-align: justify;\">O Kismet est\u00e1 h\u00e1 uma semana fundeado no pont\u00e3o exterior da Marina de Cascais. Tem 95 metros de comprimento e 15 de altura. Pertence a um dos homens mais ricos&#8230;<\/p>\n<p>[\/vc_column_text][vc_empty_space height=&#8221;20px&#8221;]<a  href=\"https:\/\/sol.sapo.pt\/artigo\/738982\/mega-iate-a-venda-por-169-milhoes-em-cascais-\"  target=\"_blank\"  title=\"\" class=\"tt_button tt_primary_button btn_primary_color  pull-left button-action-link\" ><span class=\"prim_text\">Read more<\/span><\/a>[vc_empty_space][\/vc_column_inner][\/vc_row_inner][vc_row_inner gap=&#8221;35&#8243; css=&#8221;.vc_custom_1631196021780{padding-top: 32px !important;}&#8221;][vc_column_inner width=&#8221;1\/3&#8243; css=&#8221;.vc_custom_1516008786386{padding-right: 0px !important;padding-left: 0px !important;}&#8221;][vc_single_image image=&#8221;8552&#8243; img_size=&#8221;378\u00d7198&#8243;][vc_empty_space height=&#8221;20px&#8221;]<header class=\"kd-section-title col-lg-12 text-left  kd-animated fadeIn   vc_custom_1631196183757\" data-animation-delay=200><h2 class=\"separator_off\" style=\"color: #49bab3;font-size: 21px;line-height: 26px;\">Porsche inaugura espa\u00e7o na Marina de Cascais<\/h2><\/header>[vc_column_text]<\/p>\n<p class=\"p1\" style=\"text-align: justify;\">Ver um espa\u00e7o da Porsche \u00e9 sempre uma oportunidade muito apelativa, n\u00e3o s\u00f3 para os f\u00e3s da marca, mas tamb\u00e9m para os amantes de autom\u00f3veis.<\/p>\n<p>[\/vc_column_text][vc_empty_space height=&#8221;20px&#8221;]<a  href=\"https:\/\/www.sapo.pt\/noticias\/vida\/porsche-inaugura-espaco-na-marina-de-cascais_5fc9359e82472c5cbffc623c\"  target=\"_blank\"  title=\"\" class=\"tt_button tt_primary_button btn_primary_color  pull-left button-action-link\" ><span class=\"prim_text\">Read more<\/span><\/a>[vc_empty_space][\/vc_column_inner][vc_column_inner width=&#8221;1\/3&#8243; css=&#8221;.vc_custom_1516008795521{padding-right: 0px !important;padding-left: 0px !important;}&#8221;][\/vc_column_inner][vc_column_inner width=&#8221;1\/3&#8243; css=&#8221;.vc_custom_1516008801594{padding-right: 0px !important;padding-left: 0px !important;}&#8221;][\/vc_column_inner][\/vc_row_inner][\/vc_column][\/vc_row][vc_row][vc_column][vc_empty_space][\/vc_column][\/vc_row]<\/p>\n","protected":false},"excerpt":{"rendered":"<p>[vc_row css_animation=&#8221;kd-animated fadeIn&#8221; st_title=&#8221;Eventos e Patroc\u00ednios&#8221; st_title_tag=&#8221;&#8221; st_subtitle=&#8221;&#8221; st_subtitle_tag=&#8221;&#8221; st_subtitle_decoration=&#8221;&#8221; st_title_color=&#8221;#211261&#8243; st_subtitle_color=&#8221;#211261&#8243; st_title_size=&#8221;32px&#8221; st_title_line_height=&#8221;&#8221; st_subtitle_size=&#8221;&#8221; [&hellip;]<\/p>\n","protected":false},"author":1,"featured_media":0,"parent":0,"menu_order":0,"comment_status":"closed","ping_status":"closed","template":"","meta":{"footnotes":""},"class_list":["post-8696","page","type-page","status-publish","hentry"],"yoast_head":"<!-- This site is optimized with the Yoast SEO plugin v27.3 - https:\/\/yoast.com\/product\/yoast-seo-wordpress\/ -->\n<title>Media - Marina de Cascais<\/title>\n<meta name=\"robots\" content=\"index, follow, max-snippet:-1, max-image-preview:large, max-video-preview:-1\" \/>\n<link rel=\"canonical\" href=\"https:\/\/dev4.miaudigitalagency.com\/en\/media\/\" \/>\n<meta property=\"og:locale\" content=\"en_US\" \/>\n<meta property=\"og:type\" content=\"article\" \/>\n<meta property=\"og:title\" content=\"Media - Marina de Cascais\" \/>\n<meta property=\"og:description\" content=\"[vc_row css_animation=&#8221;kd-animated fadeIn&#8221; st_title=&#8221;Eventos e Patroc\u00ednios&#8221; st_title_tag=&#8221;&#8221; st_subtitle=&#8221;&#8221; st_subtitle_tag=&#8221;&#8221; st_subtitle_decoration=&#8221;&#8221; st_title_color=&#8221;#211261&#8243; st_subtitle_color=&#8221;#211261&#8243; st_title_size=&#8221;32px&#8221; st_title_line_height=&#8221;&#8221; st_subtitle_size=&#8221;&#8221; [&hellip;]\" \/>\n<meta property=\"og:url\" content=\"https:\/\/dev4.miaudigitalagency.com\/en\/media\/\" \/>\n<meta property=\"og:site_name\" content=\"Marina de Cascais\" \/>\n<meta property=\"article:modified_time\" content=\"2022-12-19T15:11:21+00:00\" \/>\n<meta name=\"twitter:card\" content=\"summary_large_image\" \/>\n<meta name=\"twitter:label1\" content=\"Est. reading time\" \/>\n\t<meta name=\"twitter:data1\" content=\"5 minutes\" \/>\n<script type=\"application\/ld+json\" class=\"yoast-schema-graph\">{\"@context\":\"https:\\\/\\\/schema.org\",\"@graph\":[{\"@type\":\"WebPage\",\"@id\":\"https:\\\/\\\/dev4.miaudigitalagency.com\\\/en\\\/media\\\/\",\"url\":\"https:\\\/\\\/dev4.miaudigitalagency.com\\\/en\\\/media\\\/\",\"name\":\"Media - Marina de Cascais\",\"isPartOf\":{\"@id\":\"https:\\\/\\\/dev4.miaudigitalagency.com\\\/#website\"},\"datePublished\":\"2021-09-09T14:09:31+00:00\",\"dateModified\":\"2022-12-19T15:11:21+00:00\",\"breadcrumb\":{\"@id\":\"https:\\\/\\\/dev4.miaudigitalagency.com\\\/en\\\/media\\\/#breadcrumb\"},\"inLanguage\":\"en-US\",\"potentialAction\":[{\"@type\":\"ReadAction\",\"target\":[\"https:\\\/\\\/dev4.miaudigitalagency.com\\\/en\\\/media\\\/\"]}]},{\"@type\":\"BreadcrumbList\",\"@id\":\"https:\\\/\\\/dev4.miaudigitalagency.com\\\/en\\\/media\\\/#breadcrumb\",\"itemListElement\":[{\"@type\":\"ListItem\",\"position\":1,\"name\":\"In\u00edcio\",\"item\":\"https:\\\/\\\/dev4.miaudigitalagency.com\\\/en\\\/\"},{\"@type\":\"ListItem\",\"position\":2,\"name\":\"Media\"}]},{\"@type\":\"WebSite\",\"@id\":\"https:\\\/\\\/dev4.miaudigitalagency.com\\\/#website\",\"url\":\"https:\\\/\\\/dev4.miaudigitalagency.com\\\/\",\"name\":\"Marina de Cascais\",\"description\":\"Enjoy the sea all year\",\"potentialAction\":[{\"@type\":\"SearchAction\",\"target\":{\"@type\":\"EntryPoint\",\"urlTemplate\":\"https:\\\/\\\/dev4.miaudigitalagency.com\\\/?s={search_term_string}\"},\"query-input\":{\"@type\":\"PropertyValueSpecification\",\"valueRequired\":true,\"valueName\":\"search_term_string\"}}],\"inLanguage\":\"en-US\"}]}<\/script>\n<!-- \/ Yoast SEO plugin. -->","yoast_head_json":{"title":"Media - Marina de Cascais","robots":{"index":"index","follow":"follow","max-snippet":"max-snippet:-1","max-image-preview":"max-image-preview:large","max-video-preview":"max-video-preview:-1"},"canonical":"https:\/\/dev4.miaudigitalagency.com\/en\/media\/","og_locale":"en_US","og_type":"article","og_title":"Media - Marina de Cascais","og_description":"[vc_row css_animation=&#8221;kd-animated fadeIn&#8221; st_title=&#8221;Eventos e Patroc\u00ednios&#8221; st_title_tag=&#8221;&#8221; st_subtitle=&#8221;&#8221; st_subtitle_tag=&#8221;&#8221; st_subtitle_decoration=&#8221;&#8221; st_title_color=&#8221;#211261&#8243; st_subtitle_color=&#8221;#211261&#8243; st_title_size=&#8221;32px&#8221; st_title_line_height=&#8221;&#8221; st_subtitle_size=&#8221;&#8221; [&hellip;]","og_url":"https:\/\/dev4.miaudigitalagency.com\/en\/media\/","og_site_name":"Marina de Cascais","article_modified_time":"2022-12-19T15:11:21+00:00","twitter_card":"summary_large_image","twitter_misc":{"Est. reading time":"5 minutes"},"schema":{"@context":"https:\/\/schema.org","@graph":[{"@type":"WebPage","@id":"https:\/\/dev4.miaudigitalagency.com\/en\/media\/","url":"https:\/\/dev4.miaudigitalagency.com\/en\/media\/","name":"Media - Marina de Cascais","isPartOf":{"@id":"https:\/\/dev4.miaudigitalagency.com\/#website"},"datePublished":"2021-09-09T14:09:31+00:00","dateModified":"2022-12-19T15:11:21+00:00","breadcrumb":{"@id":"https:\/\/dev4.miaudigitalagency.com\/en\/media\/#breadcrumb"},"inLanguage":"en-US","potentialAction":[{"@type":"ReadAction","target":["https:\/\/dev4.miaudigitalagency.com\/en\/media\/"]}]},{"@type":"BreadcrumbList","@id":"https:\/\/dev4.miaudigitalagency.com\/en\/media\/#breadcrumb","itemListElement":[{"@type":"ListItem","position":1,"name":"In\u00edcio","item":"https:\/\/dev4.miaudigitalagency.com\/en\/"},{"@type":"ListItem","position":2,"name":"Media"}]},{"@type":"WebSite","@id":"https:\/\/dev4.miaudigitalagency.com\/#website","url":"https:\/\/dev4.miaudigitalagency.com\/","name":"Marina de Cascais","description":"Enjoy the sea all year","potentialAction":[{"@type":"SearchAction","target":{"@type":"EntryPoint","urlTemplate":"https:\/\/dev4.miaudigitalagency.com\/?s={search_term_string}"},"query-input":{"@type":"PropertyValueSpecification","valueRequired":true,"valueName":"search_term_string"}}],"inLanguage":"en-US"}]}},"_links":{"self":[{"href":"https:\/\/dev4.miaudigitalagency.com\/en\/wp-json\/wp\/v2\/pages\/8696","targetHints":{"allow":["GET"]}}],"collection":[{"href":"https:\/\/dev4.miaudigitalagency.com\/en\/wp-json\/wp\/v2\/pages"}],"about":[{"href":"https:\/\/dev4.miaudigitalagency.com\/en\/wp-json\/wp\/v2\/types\/page"}],"author":[{"embeddable":true,"href":"https:\/\/dev4.miaudigitalagency.com\/en\/wp-json\/wp\/v2\/users\/1"}],"replies":[{"embeddable":true,"href":"https:\/\/dev4.miaudigitalagency.com\/en\/wp-json\/wp\/v2\/comments?post=8696"}],"version-history":[{"count":5,"href":"https:\/\/dev4.miaudigitalagency.com\/en\/wp-json\/wp\/v2\/pages\/8696\/revisions"}],"predecessor-version":[{"id":9233,"href":"https:\/\/dev4.miaudigitalagency.com\/en\/wp-json\/wp\/v2\/pages\/8696\/revisions\/9233"}],"wp:attachment":[{"href":"https:\/\/dev4.miaudigitalagency.com\/en\/wp-json\/wp\/v2\/media?parent=8696"}],"curies":[{"name":"wp","href":"https:\/\/api.w.org\/{rel}","templated":true}]}}